{"id":5736,"date":"2021-07-03T11:38:49","date_gmt":"2021-07-03T09:38:49","guid":{"rendered":"https:\/\/www.uia.archi\/?page_id=5736"},"modified":"2021-07-03T11:38:49","modified_gmt":"2021-07-03T09:38:49","slug":"contact","status":"publish","type":"page","link":"https:\/\/www.uia.archi\/hu\/contact\/","title":{"rendered":"Contact"},"content":{"rendered":"<div class=\"wpforms-container wpforms-container-full\" id=\"wpforms-5656\"><form id=\"wpforms-form-5656\" class=\"wpforms-validate wpforms-form\" data-formid=\"5656\" method=\"post\" enctype=\"multipart\/form-data\" action=\"\/hu\/wp-json\/wp\/v2\/pages\/5736\" data-token=\"086111d91594d95b26599f694b547a51\" data-token-time=\"1775272398\"><noscript class=\"wpforms-error-noscript\">Please enable JavaScript in your browser to complete this form.<\/noscript><div class=\"wpforms-field-container\"><div id=\"wpforms-5656-field_0-container\" class=\"wpforms-field wpforms-field-name\" data-field-id=\"0\"><label class=\"wpforms-field-label\" for=\"wpforms-5656-field_0\">Name <span class=\"wpforms-required-label\">*<\/span><\/label><input type=\"text\" id=\"wpforms-5656-field_0\" class=\"wpforms-field-medium wpforms-field-required\" name=\"wpforms[fields][0]\" required><\/div><div id=\"wpforms-5656-field_1-container\" class=\"wpforms-field wpforms-field-email\" data-field-id=\"1\"><label class=\"wpforms-field-label\" for=\"wpforms-5656-field_1\">E-mail <span class=\"wpforms-required-label\">*<\/span><\/label><input type=\"email\" id=\"wpforms-5656-field_1\" class=\"wpforms-field-medium wpforms-field-required\" name=\"wpforms[fields][1]\" spellcheck=\"false\" required><\/div><div id=\"wpforms-5656-field_2-container\" class=\"wpforms-field wpforms-field-textarea\" data-field-id=\"2\"><label class=\"wpforms-field-label\" for=\"wpforms-5656-field_2\">Comment or message <span class=\"wpforms-required-label\">*<\/span><\/label><textarea id=\"wpforms-5656-field_2\" class=\"wpforms-field-medium wpforms-field-required\" name=\"wpforms[fields][2]\" required><\/textarea><\/div><\/div><!-- .wpforms-field-container --><div class=\"wpforms-submit-container\" ><input type=\"hidden\" name=\"wpforms[id]\" value=\"5656\"><input type=\"hidden\" name=\"page_title\" value=\"\"><input type=\"hidden\" name=\"page_url\" value=\"https:\/\/www.uia.archi\/hu\/wp-json\/wp\/v2\/pages\/5736\"><input type=\"hidden\" name=\"url_referer\" value=\"\"><button type=\"submit\" name=\"wpforms[submit]\" id=\"wpforms-submit-5656\" class=\"wpforms-submit\" data-alt-text=\"Send...\" data-submit-text=\"Send\" aria-live=\"assertive\" value=\"wpforms-submit\">Send<\/button><\/div><\/form><\/div>  <!-- .wpforms-container -->\n","protected":false},"excerpt":{"rendered":"","protected":false},"author":1,"featured_media":0,"parent":0,"menu_order":0,"comment_status":"closed","ping_status":"closed","template":"","meta":{"cybocfi_hide_featured_image":"","footnotes":""},"class_list":["post-5736","page","type-page","status-publish","hentry"],"yoast_head":"<!-- This site is optimized with the Yoast SEO plugin v27.1.1 - https:\/\/yoast.com\/product\/yoast-seo-wordpress\/ -->\n<title>Contact<\/title>\n<meta name=\"robots\" content=\"index, follow, max-snippet:-1, max-image-preview:large, max-video-preview:-1\" \/>\n<link rel=\"canonical\" href=\"https:\/\/www.uia.archi\/hu\/contact\/\" \/>\n<meta property=\"og:locale\" content=\"hu_HU\" \/>\n<meta property=\"og:type\" content=\"article\" \/>\n<meta property=\"og:title\" content=\"Contact\" \/>\n<meta property=\"og:url\" content=\"https:\/\/www.uia.archi\/hu\/contact\/\" \/>\n<meta property=\"og:site_name\" content=\"Egyedi nemzetk\u00f6zi cikkek\" \/>\n<meta name=\"twitter:card\" content=\"summary_large_image\" \/>\n<meta name=\"twitter:label1\" content=\"Becs\u00fclt olvas\u00e1si id\u0151\" \/>\n\t<meta name=\"twitter:data1\" content=\"1 perc\" \/>\n<script type=\"application\/ld+json\" class=\"yoast-schema-graph\">{\"@context\":\"https:\/\/schema.org\",\"@graph\":[{\"@type\":\"WebPage\",\"@id\":\"https:\/\/www.uia.archi\/hu\/contact\/\",\"url\":\"https:\/\/www.uia.archi\/hu\/contact\/\",\"name\":\"Contact\",\"isPartOf\":{\"@id\":\"https:\/\/www.uia.archi\/hu\/#website\"},\"datePublished\":\"2021-07-03T09:38:49+00:00\",\"breadcrumb\":{\"@id\":\"https:\/\/www.uia.archi\/hu\/contact\/#breadcrumb\"},\"inLanguage\":\"hu\",\"potentialAction\":[{\"@type\":\"ReadAction\",\"target\":[\"https:\/\/www.uia.archi\/hu\/contact\/\"]}]},{\"@type\":\"BreadcrumbList\",\"@id\":\"https:\/\/www.uia.archi\/hu\/contact\/#breadcrumb\",\"itemListElement\":[{\"@type\":\"ListItem\",\"position\":1,\"name\":\"itthon\",\"item\":\"https:\/\/www.uia.archi\/hu\/\"},{\"@type\":\"ListItem\",\"position\":2,\"name\":\"Contact\"}]},{\"@type\":\"WebSite\",\"@id\":\"https:\/\/www.uia.archi\/hu\/#website\",\"url\":\"https:\/\/www.uia.archi\/hu\/\",\"name\":\"Egyedi nemzetk\u00f6zi cikkek\",\"description\":\"K\u00fcl\u00f6nb\u00f6z\u0151 t\u00e9m\u00e1j\u00fa cikkek, \u00e9rt\u00e9kes tud\u00e1sforr\u00e1s az \u00d6n \u00e9s csal\u00e1dja sz\u00e1m\u00e1ra\",\"potentialAction\":[{\"@type\":\"SearchAction\",\"target\":{\"@type\":\"EntryPoint\",\"urlTemplate\":\"https:\/\/www.uia.archi\/hu\/?s={search_term_string}\"},\"query-input\":{\"@type\":\"PropertyValueSpecification\",\"valueRequired\":true,\"valueName\":\"search_term_string\"}}],\"inLanguage\":\"hu\"}]}<\/script>\n<!-- \/ Yoast SEO plugin. -->","yoast_head_json":{"title":"Contact","robots":{"index":"index","follow":"follow","max-snippet":"max-snippet:-1","max-image-preview":"max-image-preview:large","max-video-preview":"max-video-preview:-1"},"canonical":"https:\/\/www.uia.archi\/hu\/contact\/","og_locale":"hu_HU","og_type":"article","og_title":"Contact","og_url":"https:\/\/www.uia.archi\/hu\/contact\/","og_site_name":"Egyedi nemzetk\u00f6zi cikkek","twitter_card":"summary_large_image","twitter_misc":{"Becs\u00fclt olvas\u00e1si id\u0151":"1 perc"},"schema":{"@context":"https:\/\/schema.org","@graph":[{"@type":"WebPage","@id":"https:\/\/www.uia.archi\/hu\/contact\/","url":"https:\/\/www.uia.archi\/hu\/contact\/","name":"Contact","isPartOf":{"@id":"https:\/\/www.uia.archi\/hu\/#website"},"datePublished":"2021-07-03T09:38:49+00:00","breadcrumb":{"@id":"https:\/\/www.uia.archi\/hu\/contact\/#breadcrumb"},"inLanguage":"hu","potentialAction":[{"@type":"ReadAction","target":["https:\/\/www.uia.archi\/hu\/contact\/"]}]},{"@type":"BreadcrumbList","@id":"https:\/\/www.uia.archi\/hu\/contact\/#breadcrumb","itemListElement":[{"@type":"ListItem","position":1,"name":"itthon","item":"https:\/\/www.uia.archi\/hu\/"},{"@type":"ListItem","position":2,"name":"Contact"}]},{"@type":"WebSite","@id":"https:\/\/www.uia.archi\/hu\/#website","url":"https:\/\/www.uia.archi\/hu\/","name":"Egyedi nemzetk\u00f6zi cikkek","description":"K\u00fcl\u00f6nb\u00f6z\u0151 t\u00e9m\u00e1j\u00fa cikkek, \u00e9rt\u00e9kes tud\u00e1sforr\u00e1s az \u00d6n \u00e9s csal\u00e1dja sz\u00e1m\u00e1ra","potentialAction":[{"@type":"SearchAction","target":{"@type":"EntryPoint","urlTemplate":"https:\/\/www.uia.archi\/hu\/?s={search_term_string}"},"query-input":{"@type":"PropertyValueSpecification","valueRequired":true,"valueName":"search_term_string"}}],"inLanguage":"hu"}]}},"blog_post_layout_featured_media_urls":{"thumbnail":"","full":""},"categories_names":null,"comments_number":"0","wpmagazine_modules_lite_featured_media_urls":{"thumbnail":"","cvmm-medium":"","cvmm-medium-plus":"","cvmm-portrait":"","cvmm-medium-square":"","cvmm-large":"","cvmm-small":"","full":""},"_links":{"self":[{"href":"https:\/\/www.uia.archi\/hu\/wp-json\/wp\/v2\/pages\/5736","targetHints":{"allow":["GET"]}}],"collection":[{"href":"https:\/\/www.uia.archi\/hu\/wp-json\/wp\/v2\/pages"}],"about":[{"href":"https:\/\/www.uia.archi\/hu\/wp-json\/wp\/v2\/types\/page"}],"author":[{"embeddable":true,"href":"https:\/\/www.uia.archi\/hu\/wp-json\/wp\/v2\/users\/1"}],"replies":[{"embeddable":true,"href":"https:\/\/www.uia.archi\/hu\/wp-json\/wp\/v2\/comments?post=5736"}],"version-history":[{"count":0,"href":"https:\/\/www.uia.archi\/hu\/wp-json\/wp\/v2\/pages\/5736\/revisions"}],"wp:attachment":[{"href":"https:\/\/www.uia.archi\/hu\/wp-json\/wp\/v2\/media?parent=5736"}],"curies":[{"name":"wp","href":"https:\/\/api.w.org\/{rel}","templated":true}]}}